{"id":11715,"date":"2025-08-12T15:51:25","date_gmt":"2025-08-12T15:51:25","guid":{"rendered":"https:\/\/aeamesp.org.br\/site2025\/?page_id=11715"},"modified":"2025-08-12T16:25:14","modified_gmt":"2025-08-12T16:25:14","slug":"politica-de-privacidade-e-protecao-de-dados","status":"publish","type":"page","link":"https:\/\/aeamesp.org.br\/site2025\/politica-de-privacidade-e-protecao-de-dados\/","title":{"rendered":"Pol\u00edtica de privacidade e Prote\u00e7\u00e3o de dados"},"content":{"rendered":"\n<strong>Lei Geral de Prote\u00e7\u00e3o de Dados (LGPD)<\/strong><br>N\u00f3s estamos preocupados com os seus dados.<br>A AEAMESP desenvolveu a presente Pol\u00edtica de Privacidade com base na Lei Geral de Prote\u00e7\u00e3o de Dados (LGPD), a fim de tratar da forma mais transparente poss\u00edvel os seus usu\u00e1rios, colaboradores internos e externos, prestadores de servi\u00e7os, parceiros, e principalmente o seu usu\u00e1rio titular da sua pr\u00f3pria informa\u00e7\u00e3o cadastral, pessoal e\/ou financeira.<br>Todos os canais internos da AEAMESP est\u00e3o submetidos a esta pol\u00edtica e podem ser ferramentas de obten\u00e7\u00e3o de informa\u00e7\u00f5es decorrentes da an\u00e1lise deste material.<br>Caso o usu\u00e1rio n\u00e3o concorde com a presente Pol\u00edtica, pode realizar a exclus\u00e3o dos seus dados no sistema que julgue desnecess\u00e1rio a AEAMESP possuir a qualquer momento sem que seja preciso comunicar a AEAMESP.<br><br><strong>1. O que \u00e9 Lei Geral de Prote\u00e7\u00e3o de Dados (LGPD)?<\/strong><br>\u00c9 uma Lei Federal que estabelece regras, normas e direitos sobre o uso de dados pessoais de qualquer usu\u00e1rio, pessoa f\u00edsica e garante que o tratamento de dados \u00e9 realizado em territ\u00f3rio nacional.<br><br><strong>2. Quais ser\u00e3o os dados coletados?<\/strong><br>A AEAMESP poder\u00e1 coletar dados b\u00e1sico com o objetivo de manter contato como participantes de seus eventos. Manter contato com as partes do setor metroferrovi\u00e1rio \u00e9 uma fun\u00e7\u00e3o b\u00e1sica e essencial para miss\u00e3o da entidade. Os dados em geral podem ser classificados em tr\u00eas categorias:<br><br><strong>2.1\u00a0Dados Cadastrais<\/strong><br>Os Dados que identificam pessoalmente cada indiv\u00edduo seja atrav\u00e9s do nome, e e-mail, telefone, cargo, empresa, identificadores federais (CPF ou CNPJ) e endere\u00e7o.<br><br><strong>2.2\u00a0Dados Financeiros<\/strong><br>Os Dados de opera\u00e7\u00f5es financeiras de nossos usu\u00e1rios provenientes de\u00a0opera\u00e7\u00f5es financeiras realizadas com a entidade n\u00e3o s\u00e3o coletados pela AEAMESP, ficando a cargo das entidades banc\u00e1rias parceiras a gest\u00e3o destes. As empresas financeiras usadas s\u00e3o PagSeguro e PayPal.<br><br><strong>2.3 Dados Sens\u00edveis<\/strong><br>A AEAMESP n\u00e3o utiliza dados sens\u00edveis para qualquer an\u00e1lise necess\u00e1ria a obten\u00e7\u00e3o de relacionamento, tais como, origem racial ou \u00e9tnica, convic\u00e7\u00e3o religiosa, opini\u00e3o pol\u00edtica, filia\u00e7\u00e3o a sindicato ou a organiza\u00e7\u00e3o de car\u00e1ter religioso, filos\u00f3fico ou pol\u00edtico, dado referente \u00e0 sa\u00fade ou \u00e0 vida sexual, dado gen\u00e9tico ou biom\u00e9trico.<br><br><strong>2.4 Dados de Crian\u00e7as e Adolescentes<\/strong><br>A AEAMESP n\u00e3o trabalha solu\u00e7\u00f5es, produtos e servi\u00e7os destinados a crian\u00e7as e adolescentes.<br><br><strong>3. Informa\u00e7\u00f5es<\/strong><br>A AEAMESP, al\u00e9m de obter e capturar informa\u00e7\u00f5es dos seus canais, solu\u00e7\u00f5es, produtos e servi\u00e7os disponibilizados em Sites, aplicativos, ferramentas de integra\u00e7\u00e3o e redes sociais, tamb\u00e9m poder\u00e1 obter informa\u00e7\u00f5es de contatos finais, a partir de informa\u00e7\u00f5es obtidas diretamente com parceiros, correspondentes e entidades do setor metroferrovi\u00e1rio.<br>Com o cadastro feito de forma volunt\u00e1ria, este concorda com a aceita\u00e7\u00e3o automaticamente dos termos deste, o nosso contato ou associado estar\u00e1 concordando e consentindo de forma livre, espont\u00e2nea e volunt\u00e1ria com o compartilhamento dos seus dados direta ou indiretamente, concordando ainda estar livre de d\u00favidas sobre esta pol\u00edtica e sobre a execu\u00e7\u00e3o da pol\u00edtica e da lei geral de prote\u00e7\u00e3o de dados.<br><br><strong>4. Como poderemos utilizar a sua informa\u00e7\u00e3o.<\/strong><br>A AEAMESP e seus parceiros, correspondentes e colaboradores, poder\u00e3o utilizar os dados coletados para uma s\u00e9rie de prop\u00f3sitos, incluindo, mas n\u00e3o se limitando:<br><br>Iniciar, administrar ou rescindir relacionamentos com os Usu\u00e1rios<br>Informar sobre produtos e servi\u00e7os que possam ser de interesse dos Usu\u00e1rios<br>Facilitar a identifica\u00e7\u00e3o do perfil e necessidades dos Usu\u00e1rios<br>Elaborar estudos e estat\u00edsticas<br>Cumprir outras obriga\u00e7\u00f5es legais junto a \u00f3rg\u00e3o do Governo<br>Comunicar not\u00edcias e eventos do setor alvo aos Usu\u00e1rios<br>Compartilhar dados com parceiros, prestadores de servi\u00e7os do setor Metroferrovi\u00e1rio, para fomentar neg\u00f3cios no setor<br><br><br><strong>5. Como protegemos a sua informa\u00e7\u00e3o.<\/strong><br>Uso de controle restrito sobre o acesso aos dados mediante a defini\u00e7\u00e3o de responsabilidades das pessoas que ter\u00e3o possibilidade de acesso e de privil\u00e9gios m\u00ednimos de acesso exclusivo para determinados respons\u00e1veis<br>Uso de mecanismos de autentica\u00e7\u00e3o de acesso aos registros<br>Respeitamos as principais pr\u00e1ticas de mercado, ambientes seguros, sem acesso humano, com controles de senhas e ferramentas que protegem o per\u00edmetro e toda forma de acesso.<br>Os dados s\u00e3o armazenados em servidores no Brasil e seguem a legisla\u00e7\u00e3o local.<br><br><strong>6. Direitos e deveres dos usu\u00e1rio<\/strong>s<br>A AEAMESP disponibilizar\u00e1 aos seus usu\u00e1rios, uma vez que solicitado, acesso aos seus dados cadastrais e referentes as mensalidades da entidade, ajustes nos mesmos e exclus\u00e3o deles, desde que sua solicita\u00e7\u00e3o n\u00e3o afete as regras e san\u00e7\u00f5es legais de armazenamento impostas \u00e0 AEAMESP.<br>O acesso aos seus dados, seja, por entrega de informa\u00e7\u00f5es ou manuten\u00e7\u00e3o\/uso acessos por identifica\u00e7\u00e3o e senhas, \u00e9 de total responsabilidade de nosso usu\u00e1rio, logo, cabe ao mesmo zelar pelo seu armazenamento e n\u00e3o compartilhamento.<br><br><strong>7. Legisla\u00e7\u00e3o<\/strong><br>Esta Pol\u00edtica ser\u00e1 regida, interpretada e executada de acordo com as leis da Rep\u00fablica Federativa do Brasil, independentemente dos conflitos dessas leis com leis de outros estados ou pa\u00edses, sendo competente o Foro da cidade de S\u00e3o Paulo, para dirimir qualquer d\u00favida decorrente deste instrumento. O Usu\u00e1rio consente, expressamente, com a compet\u00eancia desse ju\u00edzo, e ren\u00fancia, neste ato, \u00e0 compet\u00eancia de qualquer outro foro, por mais privilegiado que seja ou venha a ser.<br><br><strong>8. Fale Conosco<\/strong><br>Em caso de d\u00favidas sobre a Lei LGPD, Normas e Pol\u00edticas de Seguran\u00e7a da Informa\u00e7\u00e3o e Pol\u00edtica de Privacidade, n\u00e3o hesite em nos questionar diretamente pelo telefone AEAMESP ou e-mail.<br>Secretaria da Entidade \u2013<br>Telefone: 11 3284-0041<br>E-mail: \u00a0aeamesp@aeamesp.org.brO respeito a sua informa\u00e7\u00e3o cadastral, pessoal ou financeira \u00e9 nossa responsabilidade e prioridade, e, para n\u00f3s, a transpar\u00eancia nos tratamentos da mesma, \u00e9 o maior objetivo.\n","protected":false},"excerpt":{"rendered":"","protected":false},"author":1,"featured_media":0,"parent":0,"menu_order":0,"comment_status":"closed","ping_status":"closed","template":"","meta":{"pagelayer_contact_templates":[],"_pagelayer_content":"","_kadence_starter_templates_imported_post":false,"footnotes":""},"class_list":["post-11715","page","type-page","status-publish"],"_links":{"self":[{"href":"https:\/\/aeamesp.org.br\/site2025\/wp-json\/wp\/v2\/pages\/11715","targetHints":{"allow":["GET"]}}],"collection":[{"href":"https:\/\/aeamesp.org.br\/site2025\/wp-json\/wp\/v2\/pages"}],"about":[{"href":"https:\/\/aeamesp.org.br\/site2025\/wp-json\/wp\/v2\/types\/page"}],"author":[{"embeddable":true,"href":"https:\/\/aeamesp.org.br\/site2025\/wp-json\/wp\/v2\/users\/1"}],"replies":[{"embeddable":true,"href":"https:\/\/aeamesp.org.br\/site2025\/wp-json\/wp\/v2\/comments?post=11715"}],"version-history":[{"count":4,"href":"https:\/\/aeamesp.org.br\/site2025\/wp-json\/wp\/v2\/pages\/11715\/revisions"}],"predecessor-version":[{"id":11722,"href":"https:\/\/aeamesp.org.br\/site2025\/wp-json\/wp\/v2\/pages\/11715\/revisions\/11722"}],"wp:attachment":[{"href":"https:\/\/aeamesp.org.br\/site2025\/wp-json\/wp\/v2\/media?parent=11715"}],"curies":[{"name":"wp","href":"https:\/\/api.w.org\/{rel}","templated":true}]}}