{"id":11724,"date":"2025-08-12T16:37:51","date_gmt":"2025-08-12T16:37:51","guid":{"rendered":"https:\/\/aeamesp.org.br\/site2025\/?page_id=11724"},"modified":"2025-08-12T16:55:49","modified_gmt":"2025-08-12T16:55:49","slug":"apresentacao","status":"publish","type":"page","link":"https:\/\/aeamesp.org.br\/site2025\/apresentacao\/","title":{"rendered":"Apresenta\u00e7\u00e3o"},"content":{"rendered":"\t\t<div data-elementor-type=\"wp-page\" data-elementor-id=\"11724\" class=\"elementor elementor-11724\">\n\t\t\t\t<div class=\"elementor-element elementor-element-693f0368 e-flex e-con-boxed e-con e-parent\" data-id=\"693f0368\" data-element_type=\"container\" data-e-type=\"container\">\n\t\t\t\t\t<div class=\"e-con-inner\">\n\t\t\t\t<div class=\"elementor-element elementor-element-7ff5fd3f elementor-widget elementor-widget-text-editor\" data-id=\"7ff5fd3f\" data-element_type=\"widget\" data-e-type=\"widget\" data-widget_type=\"text-editor.default\">\n\t\t\t\t\t\t\t\t\t<p>A Associa\u00e7\u00e3o dos Engenheiros e Arquitetos de Metr\u00f4 \u2013 AEAMESP, fundada em 14 de setembro de 1990\u200f, \u00e9 uma entidade de fins n\u00e3o econ\u00f4micos que agrega engenheiros, arquitetos, ge\u00f3logos e outros profissionais de n\u00edvel superior, devidamente registrados nos Conselhos Regionais de Engenharia e Agronomia \u2013 CREAs e de Arquitetura e Urbanismo \u2013 CAUs.<\/p>\n<p><!-- \/wp:pagelayer\/pl-text --><!-- wp:columns --><\/p>\n<div class=\"wp-block-columns\">\n<p><!-- wp:column {\"width\":\"100%\"} --><\/p>\n<div class=\"wp-block-column\" style=\"flex-basis: 100%;\">\n<p><!-- wp:pagelayer\/pl-col {\"pagelayer-id\":\"a6j3961\"} --><!-- wp:columns --><\/p>\n<div class=\"wp-block-columns\">\n<p><!-- wp:column --><\/p>\n<div class=\"wp-block-column\">\n<p><!-- wp:pagelayer\/pl-text {\"pagelayer-id\":\"yca2695\"} --> <strong>MISS\u00c3O<\/strong><br>Defender junto \u00e0s empresas o melhor aproveitamento t\u00e9cnico \u2013 profissional de seus Associados e zelar por tal observ\u00e2ncia;<br>Valorizar, difundir e representar a tecnologia metroferrovi\u00e1ria, nacional e internacionalmente, promovendo a valoriza\u00e7\u00e3o t\u00e9cnica de seus Associados;<br>Representar os Associados perante Empresas, \u00d3rg\u00e3os, Institutos e Institui\u00e7\u00f5es da comunidade cient\u00edfica\/tecnol\u00f3gica em assuntos dessa natureza;<br>Contribuir na promo\u00e7\u00e3o de instrumentos de aperfei\u00e7oamento profissional dos Associados;<br>Promover o congra\u00e7amento de seus Associados;<br>Zelar pela \u00e9tica profissional e a promo\u00e7\u00e3o da \u00e9tica, da paz, da cidadania, dos direitos humanos, da democracia e de outros valores universais;<br>Promover estudos, produ\u00e7\u00e3o e divulga\u00e7\u00e3o de informa\u00e7\u00f5es e conhecimentos t\u00e9cnicos e cient\u00edficos;<br>Representar os interesses dos Associados perante as autoridades administrativas e judici\u00e1rias, inclusive o CREA \u2013 Conselho Regional de Engenharia, Arquitetura e Agronomia e ao CAU \u2013 Conselho de Arquitetura e Urbanismo.<\/p>\n<p><strong>VIS\u00c3O<\/strong><br>A AEAMESP deve buscar a lideran\u00e7a como uma entidade de representa\u00e7\u00e3o do corpo t\u00e9cnico do setor atrav\u00e9s da amplia\u00e7\u00e3o das a\u00e7\u00f5es para a melhoria da mobilidade urbana e para a reten\u00e7\u00e3o e divulga\u00e7\u00e3o do conhecimento t\u00e9cnico do setor, atrav\u00e9s de parcerias com institui\u00e7\u00f5es de ensino, operadoras e empresas do setor e seus \u00f3rg\u00e3os, contando e ampliando o seu quadro de associados e a sua \u00e1rea de abrang\u00eancia.<br>Ser independente e equilibrada financeiramente com seu sustento alcan\u00e7ado pela contribui\u00e7\u00e3o dos associados e da busca de recursos externos, em parcerias, com empresas do setor Metroferrovi\u00e1rio, do com\u00e9rcio e lazer.<br>O incremento dos resultados na AEAMESP s\u00f3 pode ser alcan\u00e7ado com o aumento da participa\u00e7\u00e3o dos seus associados, nas atividades realizadas pela entidade, sempre de forma coesa e \u00e9tica.<\/p>\n<p><strong>VALORES<\/strong><br>Zelar e promover a reten\u00e7\u00e3o e propaga\u00e7\u00e3o do conhecimento de seus associados em benef\u00edcio da sociedade.<br>Zelar e promover a imagem do Metr\u00f4-SP como uma empresa p\u00fablica diferenciada onde a compet\u00eancia administrativa e t\u00e9cnica s\u00e3o destaques no mundo inteiro, oferecendo um transporte p\u00fablico estruturador de qualidade.<br>Zelar e promover a imagem dos sistemas metroferrovi\u00e1rios como primordiais para garantir a mobilidade e o desenvolvimento econ\u00f4mico e social das metr\u00f3poles.<br>Zelar pelo seu respeito p\u00fablico perante a comunidade, como uma entidade respons\u00e1vel socialmente, reconhecida como uma Associa\u00e7\u00e3o pro-ativa na divulga\u00e7\u00e3o de suas id\u00e9ias e objetivos.<br>A transpar\u00eancia na gest\u00e3o, a abertura \u00e0 contribui\u00e7\u00e3o e a uni\u00e3o dos associados s\u00e3o os principais motivadores para a participa\u00e7\u00e3o destes e os impulsionadores do sucesso da AEAMESP.<br>A \u00c9tica deve nortear o relacionamento dos associados dentro e fora das atividades da AEAMESP.<\/p>\n<\/div>\n<\/div>\n<\/div>\n<\/div>\n<p><!-- \/wp:columns --><!-- wp:paragraph --><\/p>\n<p><!-- \/wp:paragraph --><\/p>\t\t\t\t\t\t\t\t<\/div>\n\t\t\t\t\t<\/div>\n\t\t\t\t<\/div>\n\t\t<div class=\"elementor-element elementor-element-53aada5 e-flex e-con-boxed e-con e-parent\" data-id=\"53aada5\" data-element_type=\"container\" data-e-type=\"container\">\n\t\t\t\t\t<div class=\"e-con-inner\">\n\t\t\t\t<div class=\"elementor-element elementor-element-8bd1c18 elementor-widget elementor-widget-button\" data-id=\"8bd1c18\" data-element_type=\"widget\" data-e-type=\"widget\" data-widget_type=\"button.default\">\n\t\t\t\t\t\t\t\t\t\t<a class=\"elementor-button elementor-button-link elementor-size-sm\" href=\"https:\/\/aeamesp.org.br\/site2025\/gestao\/\">\n\t\t\t\t\t\t<span class=\"elementor-button-content-wrapper\">\n\t\t\t\t\t\t\t\t\t<span class=\"elementor-button-text\">Conhe\u00e7a a Gest\u00e3o da AEAMESP<\/span>\n\t\t\t\t\t<\/span>\n\t\t\t\t\t<\/a>\n\t\t\t\t\t\t\t\t<\/div>\n\t\t\t\t\t<\/div>\n\t\t\t\t<\/div>\n\t\t\t\t<\/div>\n\t\t","protected":false},"excerpt":{"rendered":"<p>A Associa\u00e7\u00e3o dos Engenheiros e Arquitetos de Metr\u00f4 \u2013 AEAMESP,&hellip;<\/p>\n<p> <a class=\"more-link\" href=\"https:\/\/aeamesp.org.br\/site2025\/apresentacao\/\">Leia mais<\/a><\/p>\n","protected":false},"author":1,"featured_media":0,"parent":0,"menu_order":0,"comment_status":"closed","ping_status":"closed","template":"","meta":{"pagelayer_contact_templates":[],"_pagelayer_content":"","_kadence_starter_templates_imported_post":false,"footnotes":""},"class_list":["post-11724","page","type-page","status-publish"],"_links":{"self":[{"href":"https:\/\/aeamesp.org.br\/site2025\/wp-json\/wp\/v2\/pages\/11724","targetHints":{"allow":["GET"]}}],"collection":[{"href":"https:\/\/aeamesp.org.br\/site2025\/wp-json\/wp\/v2\/pages"}],"about":[{"href":"https:\/\/aeamesp.org.br\/site2025\/wp-json\/wp\/v2\/types\/page"}],"author":[{"embeddable":true,"href":"https:\/\/aeamesp.org.br\/site2025\/wp-json\/wp\/v2\/users\/1"}],"replies":[{"embeddable":true,"href":"https:\/\/aeamesp.org.br\/site2025\/wp-json\/wp\/v2\/comments?post=11724"}],"version-history":[{"count":11,"href":"https:\/\/aeamesp.org.br\/site2025\/wp-json\/wp\/v2\/pages\/11724\/revisions"}],"predecessor-version":[{"id":11740,"href":"https:\/\/aeamesp.org.br\/site2025\/wp-json\/wp\/v2\/pages\/11724\/revisions\/11740"}],"wp:attachment":[{"href":"https:\/\/aeamesp.org.br\/site2025\/wp-json\/wp\/v2\/media?parent=11724"}],"curies":[{"name":"wp","href":"https:\/\/api.w.org\/{rel}","templated":true}]}}